{"id":125,"date":"2020-11-29T12:31:12","date_gmt":"2020-11-29T11:31:12","guid":{"rendered":"http:\/\/hauskestel.local\/?page_id=125"},"modified":"2025-04-07T21:22:37","modified_gmt":"2025-04-07T20:22:37","slug":"kontakt","status":"publish","type":"page","link":"https:\/\/kestelhaus.at\/ru\/kontakt\/","title":{"rendered":"\u041a\u043e\u043d\u0442\u0430\u043a\u0442"},"content":{"rendered":"\n<p>Apartmenthaus Kestel<br>Oberd\u00f6bernitzen 11<br>A-9632 Kirchbach<\/p>\n\n\n\n<p><strong>\u042d\u043b. \u0430\u0434\u0440\u0435\u0441:<\/strong> info@kestelhaus.at<br><strong>\u0422\u0435\u043b\u0435\u0444\u043e\u043d:<\/strong> +43 660 2826669 \u0433\u043e\u0432\u043e\u0440\u0438\u043c \u043f\u043e-\u0440\u0443\u0441\u0441\u043a\u0438, \u0435\u0441\u0442\u044c Whatsapp<br>\u0421\u0435\u0440\u0433\u0435\u0439 \u0438 \u041d\u0430\u0442\u0430\u0448\u0430 \u041a\u0435\u0441\u0442\u0435\u043b\u044c<\/p>\n\n\n\n<h2 class=\"wp-block-heading\">\u0414\u0430\u043d\u043d\u044b\u0435 \u043e\u0431 \u043e\u0440\u0433\u0430\u043d\u0438\u0437\u0430\u0446\u0438\u0438<\/h2>\n\n\n\n<p><strong>Kestel KG<\/strong><br><strong>Unternehmensgegenstand:<\/strong> Vermietung<br><strong>UID &#8212; Nummer<\/strong>: 74613929<br>Firmensitz: 9632 Kirchbach, \u00d6berd\u00f6bernitzen 11<br><strong><em>Kontaktdaten<\/em><\/strong><br>Sergej und Natalia Kestel<br>Oberd\u00f6bernitzen 11, A-9636 Kirchbach<br><strong>Tel:<\/strong> +43(0)660 2826669<br><strong>E-Mail:<\/strong> info@kestelhaus.at<br><strong>Mitglied bei:<\/strong> WKK (Wirtschaftskammer K\u00e4rnten) \u2013 Hotelerie<\/p>\n","protected":false},"excerpt":{"rendered":"<p>Apartmenthaus KestelOberd\u00f6bernitzen 11A-9632 Kirchbach \u042d\u043b. \u0430\u0434\u0440\u0435\u0441: info@kestelhaus.at\u0422\u0435\u043b\u0435\u0444\u043e\u043d: +43 660 2826669 \u0433\u043e\u0432\u043e\u0440\u0438\u043c \u043f\u043e-\u0440\u0443\u0441\u0441\u043a\u0438, \u0435\u0441\u0442\u044c Whatsapp\u0421\u0435\u0440\u0433\u0435\u0439 \u0438 \u041d\u0430\u0442\u0430\u0448\u0430 \u041a\u0435\u0441\u0442\u0435\u043b\u044c \u0414\u0430\u043d\u043d\u044b\u0435 \u043e\u0431 \u043e\u0440\u0433\u0430\u043d\u0438\u0437\u0430\u0446\u0438\u0438 Kestel KGUnternehmensgegenstand: VermietungUID &#8212; Nummer: 74613929Firmensitz: 9632 Kirchbach, \u00d6berd\u00f6bernitzen 11KontaktdatenSergej und Natalia KestelOberd\u00f6bernitzen 11, A-9636 KirchbachTel: +43(0)660 2826669E-Mail: info@kestelhaus.atMitglied bei: &hellip;<\/p>\n<p class=\"read-more\"> <a class=\"more-link\" href=\"https:\/\/kestelhaus.at\/ru\/kontakt\/\"> <span class=\"screen-reader-text\">\u041a\u043e\u043d\u0442\u0430\u043a\u0442<\/span> \u0427\u0438\u0442\u0430\u0442\u044c \u0434\u0430\u043b\u0435\u0435 &raquo;<\/a><\/p>\n","protected":false},"author":1,"featured_media":0,"parent":0,"menu_order":9,"comment_status":"closed","ping_status":"closed","template":"","meta":{"footnotes":""},"class_list":["post-125","page","type-page","status-publish","hentry"],"translation":{"provider":"WPGlobus","version":"3.0.2","language":"ru","enabled_languages":["de","en","ru"],"languages":{"de":{"title":true,"content":true,"excerpt":false},"en":{"title":true,"content":true,"excerpt":false},"ru":{"title":true,"content":true,"excerpt":false}}},"aioseo_notices":[],"_links":{"self":[{"href":"https:\/\/kestelhaus.at\/ru\/wp-json\/wp\/v2\/pages\/125","targetHints":{"allow":["GET"]}}],"collection":[{"href":"https:\/\/kestelhaus.at\/ru\/wp-json\/wp\/v2\/pages"}],"about":[{"href":"https:\/\/kestelhaus.at\/ru\/wp-json\/wp\/v2\/types\/page"}],"author":[{"embeddable":true,"href":"https:\/\/kestelhaus.at\/ru\/wp-json\/wp\/v2\/users\/1"}],"replies":[{"embeddable":true,"href":"https:\/\/kestelhaus.at\/ru\/wp-json\/wp\/v2\/comments?post=125"}],"version-history":[{"count":16,"href":"https:\/\/kestelhaus.at\/ru\/wp-json\/wp\/v2\/pages\/125\/revisions"}],"predecessor-version":[{"id":1535,"href":"https:\/\/kestelhaus.at\/ru\/wp-json\/wp\/v2\/pages\/125\/revisions\/1535"}],"wp:attachment":[{"href":"https:\/\/kestelhaus.at\/ru\/wp-json\/wp\/v2\/media?parent=125"}],"curies":[{"name":"wp","href":"https:\/\/api.w.org\/{rel}","templated":true}]}}